{"id":414,"date":"2025-05-21T08:49:47","date_gmt":"2025-05-21T08:49:47","guid":{"rendered":"https:\/\/hermandadrociopuertoreal.es\/?page_id=414"},"modified":"2025-07-08T22:32:07","modified_gmt":"2025-07-08T22:32:07","slug":"formacion","status":"publish","type":"page","link":"https:\/\/hermandadrociopuertoreal.es\/?page_id=414","title":{"rendered":"FORMACI\u00d3N"},"content":{"rendered":"\t\t<div data-elementor-type=\"wp-page\" data-elementor-id=\"414\" class=\"elementor elementor-414\" data-elementor-post-type=\"page\">\n\t\t\t\t<div class=\"elementor-element elementor-element-178f581 e-con-full e-flex e-con e-parent\" data-id=\"178f581\" data-element_type=\"container\" data-e-type=\"container\">\n\t\t\t\t<div class=\"elementor-element elementor-element-d16dab3 elementor-widget-divider--view-line_text elementor-widget-divider--element-align-center elementor-widget elementor-widget-divider\" data-id=\"d16dab3\" data-element_type=\"widget\" data-e-type=\"widget\" data-widget_type=\"divider.default\">\n\t\t\t\t<div class=\"elementor-widget-container\">\n\t\t\t\t\t\t\t<div class=\"elementor-divider\">\n\t\t\t<span class=\"elementor-divider-separator\">\n\t\t\t\t\t\t\t<span class=\"elementor-divider__text elementor-divider__element\">\n\t\t\t\tFormaci\u00f3n\t\t\t\t<\/span>\n\t\t\t\t\t\t<\/span>\n\t\t<\/div>\n\t\t\t\t\t\t<\/div>\n\t\t\t\t<\/div>\n\t\t\t\t<\/div>\n\t\t<div class=\"elementor-element elementor-element-8b52e5c e-flex e-con-boxed e-con e-parent\" data-id=\"8b52e5c\" data-element_type=\"container\" data-e-type=\"container\">\n\t\t\t\t\t<div class=\"e-con-inner\">\n\t\t\t\t<div class=\"elementor-element elementor-element-531404a elementor-widget elementor-widget-text-editor\" data-id=\"531404a\" data-element_type=\"widget\" data-e-type=\"widget\" data-widget_type=\"text-editor.default\">\n\t\t\t\t<div class=\"elementor-widget-container\">\n\t\t\t\t\t\t\t\t\t<p>Consideramos la formaci\u00f3n como un pilar fundamental para el fortalecimiento de nuestra fe, identidad y compromiso como hermanos. Conscientes de la importancia de profundizar en el conocimiento de nuestra devoci\u00f3n, ofrecemos una variedad de actividades, charlas y cursos destinados a enriquecer la formaci\u00f3n espiritual y doctrinal de nuestros miembros.<\/p><p>Nuestro objetivo es promover un crecimiento integral en todos los hermanos, fomentando la transmisi\u00f3n de nuestros valores, tradiciones y la historia que nos une en torno a la Virgen del Roc\u00edo. La formaci\u00f3n nos permite comprender en mayor profundidad el significado de nuestra vocaci\u00f3n, fortalecer nuestra fe y potenciar la participaci\u00f3n activa en los diferentes \u00e1mbitos de nuestra Hermandad.<\/p><p>Invitamos a todos los hermanos a participar en estas actividades formativas, confiando en que el conocimiento y la reflexi\u00f3n contribuyen a consolidar nuestra fe. Juntos, continuamos caminando en la senda de la fe, la devoci\u00f3n y la fraternidad.<\/p>\t\t\t\t\t\t\t\t<\/div>\n\t\t\t\t<\/div>\n\t\t\t\t\t<\/div>\n\t\t\t\t<\/div>\n\t\t<div class=\"elementor-element elementor-element-8f3bc80 e-con-full e-flex e-con e-parent\" data-id=\"8f3bc80\" data-element_type=\"container\" data-e-type=\"container\">\n\t\t\t\t<div class=\"elementor-element elementor-element-9232898 elementor-widget-divider--view-line_text elementor-widget-divider--element-align-center elementor-widget elementor-widget-divider\" data-id=\"9232898\" data-element_type=\"widget\" data-e-type=\"widget\" data-widget_type=\"divider.default\">\n\t\t\t\t<div class=\"elementor-widget-container\">\n\t\t\t\t\t\t\t<div class=\"elementor-divider\">\n\t\t\t<span class=\"elementor-divider-separator\">\n\t\t\t\t\t\t\t<span class=\"elementor-divider__text elementor-divider__element\">\n\t\t\t\tCurso de formaci\u00f3n\t\t\t\t<\/span>\n\t\t\t\t\t\t<\/span>\n\t\t<\/div>\n\t\t\t\t\t\t<\/div>\n\t\t\t\t<\/div>\n\t\t\t\t<\/div>\n\t\t<div class=\"elementor-element elementor-element-27f01e7 e-flex e-con-boxed e-con e-parent\" data-id=\"27f01e7\" data-element_type=\"container\" data-e-type=\"container\">\n\t\t\t\t\t<div class=\"e-con-inner\">\n\t\t\t\t<div class=\"elementor-element elementor-element-b7a9e12 elementor-widget elementor-widget-text-editor\" data-id=\"b7a9e12\" data-element_type=\"widget\" data-e-type=\"widget\" data-widget_type=\"text-editor.default\">\n\t\t\t\t<div class=\"elementor-widget-container\">\n\t\t\t\t\t\t\t\t\t<p>Nuestro curso de formaci\u00f3n, totalmente gratuito, consta de dos jueves al mes, a las 19:00h, en el interior de nuestra Capilla.<\/p><p>Puedes inscribirte contactando con la Vocal de Formaci\u00f3n y Culto, Claudia Armario; o escribiendo un mensaje al WhatsApp de la Hermandad.<\/p><p>\u00a1Te esperamos!<\/p>\t\t\t\t\t\t\t\t<\/div>\n\t\t\t\t<\/div>\n\t\t\t\t\t<\/div>\n\t\t\t\t<\/div>\n\t\t<div class=\"elementor-element elementor-element-450a249 e-grid e-con-boxed e-con e-parent\" data-id=\"450a249\" data-element_type=\"container\" data-e-type=\"container\">\n\t\t\t\t\t<div class=\"e-con-inner\">\n\t\t\t\t<div class=\"elementor-element elementor-element-82ae075 elementor-widget elementor-widget-image\" data-id=\"82ae075\" data-element_type=\"widget\" data-e-type=\"widget\" data-widget_type=\"image.default\">\n\t\t\t\t<div class=\"elementor-widget-container\">\n\t\t\t\t\t\t\t\t\t\t\t\t\t\t\t<img fetchpriority=\"high\" decoding=\"async\" width=\"1024\" height=\"768\" src=\"https:\/\/hermandadrociopuertoreal.es\/wp-content\/uploads\/2025\/07\/WhatsApp-Image-2025-07-08-at-17.27.42-1024x768.jpeg\" class=\"attachment-large size-large wp-image-795\" alt=\"\" srcset=\"https:\/\/hermandadrociopuertoreal.es\/wp-content\/uploads\/2025\/07\/WhatsApp-Image-2025-07-08-at-17.27.42-1024x768.jpeg 1024w, https:\/\/hermandadrociopuertoreal.es\/wp-content\/uploads\/2025\/07\/WhatsApp-Image-2025-07-08-at-17.27.42-300x225.jpeg 300w, https:\/\/hermandadrociopuertoreal.es\/wp-content\/uploads\/2025\/07\/WhatsApp-Image-2025-07-08-at-17.27.42-768x576.jpeg 768w, https:\/\/hermandadrociopuertoreal.es\/wp-content\/uploads\/2025\/07\/WhatsApp-Image-2025-07-08-at-17.27.42.jpeg 1357w\" sizes=\"(max-width: 1024px) 100vw, 1024px\" \/>\t\t\t\t\t\t\t\t\t\t\t\t\t\t\t<\/div>\n\t\t\t\t<\/div>\n\t\t\t\t<div class=\"elementor-element elementor-element-3b861c9 elementor-widget elementor-widget-image\" data-id=\"3b861c9\" data-element_type=\"widget\" data-e-type=\"widget\" data-widget_type=\"image.default\">\n\t\t\t\t<div class=\"elementor-widget-container\">\n\t\t\t\t\t\t\t\t\t\t\t\t\t\t\t<img decoding=\"async\" width=\"1024\" height=\"768\" src=\"https:\/\/hermandadrociopuertoreal.es\/wp-content\/uploads\/2025\/07\/WhatsApp-Image-2025-07-08-at-17.24.31-1024x768.jpeg\" class=\"attachment-large size-large wp-image-794\" alt=\"\" srcset=\"https:\/\/hermandadrociopuertoreal.es\/wp-content\/uploads\/2025\/07\/WhatsApp-Image-2025-07-08-at-17.24.31-1024x768.jpeg 1024w, https:\/\/hermandadrociopuertoreal.es\/wp-content\/uploads\/2025\/07\/WhatsApp-Image-2025-07-08-at-17.24.31-300x225.jpeg 300w, https:\/\/hermandadrociopuertoreal.es\/wp-content\/uploads\/2025\/07\/WhatsApp-Image-2025-07-08-at-17.24.31-768x576.jpeg 768w, https:\/\/hermandadrociopuertoreal.es\/wp-content\/uploads\/2025\/07\/WhatsApp-Image-2025-07-08-at-17.24.31.jpeg 1370w\" sizes=\"(max-width: 1024px) 100vw, 1024px\" \/>\t\t\t\t\t\t\t\t\t\t\t\t\t\t\t<\/div>\n\t\t\t\t<\/div>\n\t\t\t\t\t<\/div>\n\t\t\t\t<\/div>\n\t\t\t\t<\/div>\n\t\t","protected":false},"excerpt":{"rendered":"<p>Formaci\u00f3n Consideramos la formaci\u00f3n como un pilar fundamental para el fortalecimiento de nuestra fe, identidad y compromiso como hermanos. Conscientes [&hellip;]<\/p>\n","protected":false},"author":1,"featured_media":0,"parent":0,"menu_order":0,"comment_status":"closed","ping_status":"closed","template":"","meta":{"site-sidebar-layout":"no-sidebar","site-content-layout":"","ast-site-content-layout":"full-width-container","site-content-style":"default","site-sidebar-style":"default","ast-global-header-display":"","ast-banner-title-visibility":"","ast-main-header-display":"","ast-hfb-above-header-display":"","ast-hfb-below-header-display":"","ast-hfb-mobile-header-display":"","site-post-title":"disabled","ast-breadcrumbs-content":"","ast-featured-img":"disabled","footer-sml-layout":"","ast-disable-related-posts":"","theme-transparent-header-meta":"","adv-header-id-meta":"","stick-header-meta":"","header-above-stick-meta":"","header-main-stick-meta":"","header-below-stick-meta":"","astra-migrate-meta-layouts":"default","ast-page-background-enabled":"default","ast-page-background-meta":{"desktop":{"background-color":"var(--ast-global-color-5)","background-image":"","background-repeat":"repeat","background-position":"center center","background-size":"auto","background-attachment":"scroll","background-type":"","background-media":"","overlay-type":"","overlay-color":"","overlay-opacity":"","overlay-gradient":""},"tablet":{"background-color":"","background-image":"","background-repeat":"repeat","background-position":"center center","background-size":"auto","background-attachment":"scroll","background-type":"","background-media":"","overlay-type":"","overlay-color":"","overlay-opacity":"","overlay-gradient":""},"mobile":{"background-color":"","background-image":"","background-repeat":"repeat","background-position":"center center","background-size":"auto","background-attachment":"scroll","background-type":"","background-media":"","overlay-type":"","overlay-color":"","overlay-opacity":"","overlay-gradient":""}},"ast-content-background-meta":{"desktop":{"background-color":"var(--ast-global-color-4)","background-image":"","background-repeat":"repeat","background-position":"center center","background-size":"auto","background-attachment":"scroll","background-type":"","background-media":"","overlay-type":"","overlay-color":"","overlay-opacity":"","overlay-gradient":""},"tablet":{"background-color":"var(--ast-global-color-4)","background-image":"","background-repeat":"repeat","background-position":"center center","background-size":"auto","background-attachment":"scroll","background-type":"","background-media":"","overlay-type":"","overlay-color":"","overlay-opacity":"","overlay-gradient":""},"mobile":{"background-color":"var(--ast-global-color-4)","background-image":"","background-repeat":"repeat","background-position":"center center","background-size":"auto","background-attachment":"scroll","background-type":"","background-media":"","overlay-type":"","overlay-color":"","overlay-opacity":"","overlay-gradient":""}},"footnotes":""},"class_list":["post-414","page","type-page","status-publish","hentry"],"_links":{"self":[{"href":"https:\/\/hermandadrociopuertoreal.es\/index.php?rest_route=\/wp\/v2\/pages\/414","targetHints":{"allow":["GET"]}}],"collection":[{"href":"https:\/\/hermandadrociopuertoreal.es\/index.php?rest_route=\/wp\/v2\/pages"}],"about":[{"href":"https:\/\/hermandadrociopuertoreal.es\/index.php?rest_route=\/wp\/v2\/types\/page"}],"author":[{"embeddable":true,"href":"https:\/\/hermandadrociopuertoreal.es\/index.php?rest_route=\/wp\/v2\/users\/1"}],"replies":[{"embeddable":true,"href":"https:\/\/hermandadrociopuertoreal.es\/index.php?rest_route=%2Fwp%2Fv2%2Fcomments&post=414"}],"version-history":[{"count":10,"href":"https:\/\/hermandadrociopuertoreal.es\/index.php?rest_route=\/wp\/v2\/pages\/414\/revisions"}],"predecessor-version":[{"id":1126,"href":"https:\/\/hermandadrociopuertoreal.es\/index.php?rest_route=\/wp\/v2\/pages\/414\/revisions\/1126"}],"wp:attachment":[{"href":"https:\/\/hermandadrociopuertoreal.es\/index.php?rest_route=%2Fwp%2Fv2%2Fmedia&parent=414"}],"curies":[{"name":"wp","href":"https:\/\/api.w.org\/{rel}","templated":true}]}}