{"id":412,"date":"2025-05-21T08:49:32","date_gmt":"2025-05-21T08:49:32","guid":{"rendered":"https:\/\/hermandadrociopuertoreal.es\/?page_id=412"},"modified":"2025-07-08T22:30:45","modified_gmt":"2025-07-08T22:30:45","slug":"juventud","status":"publish","type":"page","link":"https:\/\/hermandadrociopuertoreal.es\/?page_id=412","title":{"rendered":"JUVENTUD"},"content":{"rendered":"\t\t<div data-elementor-type=\"wp-page\" data-elementor-id=\"412\" class=\"elementor elementor-412\" data-elementor-post-type=\"page\">\n\t\t\t\t<div class=\"elementor-element elementor-element-ca7306a e-con-full e-flex e-con e-parent\" data-id=\"ca7306a\" data-element_type=\"container\" data-e-type=\"container\">\n\t\t\t\t<div class=\"elementor-element elementor-element-6aa6861 elementor-widget-divider--view-line_text elementor-widget-divider--element-align-center elementor-widget elementor-widget-divider\" data-id=\"6aa6861\" data-element_type=\"widget\" data-e-type=\"widget\" data-widget_type=\"divider.default\">\n\t\t\t\t<div class=\"elementor-widget-container\">\n\t\t\t\t\t\t\t<div class=\"elementor-divider\">\n\t\t\t<span class=\"elementor-divider-separator\">\n\t\t\t\t\t\t\t<span class=\"elementor-divider__text elementor-divider__element\">\n\t\t\t\tJuventud, el coraz\u00f3n vivo de nuestra Hermandad\t\t\t\t<\/span>\n\t\t\t\t\t\t<\/span>\n\t\t<\/div>\n\t\t\t\t\t\t<\/div>\n\t\t\t\t<\/div>\n\t\t\t\t<\/div>\n\t\t<div class=\"elementor-element elementor-element-8d7c04a e-flex e-con-boxed e-con e-parent\" data-id=\"8d7c04a\" data-element_type=\"container\" data-e-type=\"container\">\n\t\t\t\t\t<div class=\"e-con-inner\">\n\t\t\t\t<div class=\"elementor-element elementor-element-d9b5a46 elementor-widget elementor-widget-image-carousel\" data-id=\"d9b5a46\" data-element_type=\"widget\" data-e-type=\"widget\" data-settings=\"{&quot;slides_to_show&quot;:&quot;2&quot;,&quot;slides_to_show_tablet&quot;:&quot;2&quot;,&quot;navigation&quot;:&quot;none&quot;,&quot;image_spacing_custom&quot;:{&quot;unit&quot;:&quot;px&quot;,&quot;size&quot;:15,&quot;sizes&quot;:[]},&quot;autoplay&quot;:&quot;yes&quot;,&quot;pause_on_hover&quot;:&quot;yes&quot;,&quot;pause_on_interaction&quot;:&quot;yes&quot;,&quot;autoplay_speed&quot;:5000,&quot;infinite&quot;:&quot;yes&quot;,&quot;speed&quot;:500,&quot;image_spacing_custom_tablet&quot;:{&quot;unit&quot;:&quot;px&quot;,&quot;size&quot;:&quot;&quot;,&quot;sizes&quot;:[]},&quot;image_spacing_custom_mobile&quot;:{&quot;unit&quot;:&quot;px&quot;,&quot;size&quot;:&quot;&quot;,&quot;sizes&quot;:[]}}\" data-widget_type=\"image-carousel.default\">\n\t\t\t\t<div class=\"elementor-widget-container\">\n\t\t\t\t\t\t\t<div class=\"elementor-image-carousel-wrapper swiper\" role=\"region\" aria-roledescription=\"carousel\" aria-label=\"Carrusel de im\u00e1genes\" dir=\"ltr\">\n\t\t\t<div class=\"elementor-image-carousel swiper-wrapper\" aria-live=\"off\">\n\t\t\t\t\t\t\t\t<div class=\"swiper-slide\" role=\"group\" aria-roledescription=\"slide\" aria-label=\"1 de 3\"><a data-elementor-open-lightbox=\"yes\" data-elementor-lightbox-slideshow=\"d9b5a46\" data-elementor-lightbox-title=\"image00002\" data-e-action-hash=\"#elementor-action%3Aaction%3Dlightbox%26settings%3DeyJpZCI6NDkzLCJ1cmwiOiJodHRwczpcL1wvaGVybWFuZGFkcm9jaW9wdWVydG9yZWFsLmVzXC93cC1jb250ZW50XC91cGxvYWRzXC8yMDI1XC8wNVwvaW1hZ2UwMDAwMi0xLmpwZWciLCJzbGlkZXNob3ciOiJkOWI1YTQ2In0%3D\" href=\"https:\/\/hermandadrociopuertoreal.es\/wp-content\/uploads\/2025\/05\/image00002-1.jpeg\"><figure class=\"swiper-slide-inner\"><img decoding=\"async\" class=\"swiper-slide-image\" src=\"https:\/\/hermandadrociopuertoreal.es\/wp-content\/uploads\/2025\/05\/image00002-1.jpeg\" alt=\"image00002\" \/><\/figure><\/a><\/div><div class=\"swiper-slide\" role=\"group\" aria-roledescription=\"slide\" aria-label=\"2 de 3\"><a data-elementor-open-lightbox=\"yes\" data-elementor-lightbox-slideshow=\"d9b5a46\" data-elementor-lightbox-title=\"image00001\" data-e-action-hash=\"#elementor-action%3Aaction%3Dlightbox%26settings%3DeyJpZCI6NDkyLCJ1cmwiOiJodHRwczpcL1wvaGVybWFuZGFkcm9jaW9wdWVydG9yZWFsLmVzXC93cC1jb250ZW50XC91cGxvYWRzXC8yMDI1XC8wNVwvaW1hZ2UwMDAwMS0xLmpwZWciLCJzbGlkZXNob3ciOiJkOWI1YTQ2In0%3D\" href=\"https:\/\/hermandadrociopuertoreal.es\/wp-content\/uploads\/2025\/05\/image00001-1.jpeg\"><figure class=\"swiper-slide-inner\"><img decoding=\"async\" class=\"swiper-slide-image\" src=\"https:\/\/hermandadrociopuertoreal.es\/wp-content\/uploads\/2025\/05\/image00001-1.jpeg\" alt=\"image00001\" \/><\/figure><\/a><\/div><div class=\"swiper-slide\" role=\"group\" aria-roledescription=\"slide\" aria-label=\"3 de 3\"><a data-elementor-open-lightbox=\"yes\" data-elementor-lightbox-slideshow=\"d9b5a46\" data-elementor-lightbox-title=\"image00001 (2)\" data-e-action-hash=\"#elementor-action%3Aaction%3Dlightbox%26settings%3DeyJpZCI6NTExLCJ1cmwiOiJodHRwczpcL1wvaGVybWFuZGFkcm9jaW9wdWVydG9yZWFsLmVzXC93cC1jb250ZW50XC91cGxvYWRzXC8yMDI1XC8wNVwvaW1hZ2UwMDAwMS0yLmpwZWciLCJzbGlkZXNob3ciOiJkOWI1YTQ2In0%3D\" href=\"https:\/\/hermandadrociopuertoreal.es\/wp-content\/uploads\/2025\/05\/image00001-2.jpeg\"><figure class=\"swiper-slide-inner\"><img decoding=\"async\" class=\"swiper-slide-image\" src=\"https:\/\/hermandadrociopuertoreal.es\/wp-content\/uploads\/2025\/05\/image00001-2.jpeg\" alt=\"image00001 (2)\" \/><\/figure><\/a><\/div>\t\t\t<\/div>\n\t\t\t\t\t\t\t\n\t\t\t\t\t\t\t\t\t<\/div>\n\t\t\t\t\t\t<\/div>\n\t\t\t\t<\/div>\n\t\t\t\t<div class=\"elementor-element elementor-element-a2be7e8 elementor-widget elementor-widget-text-editor\" data-id=\"a2be7e8\" data-element_type=\"widget\" data-e-type=\"widget\" data-widget_type=\"text-editor.default\">\n\t\t\t\t<div class=\"elementor-widget-container\">\n\t\t\t\t\t\t\t\t\t<p>La juventud de nuestra Hermandad es el latido m\u00e1s vibrante y esperanzador de nuestro camino. Son los corazones llenos de ilusi\u00f3n, fe y amor que, con entusiasmo y entrega, llevan en sus almas la devoci\u00f3n por la Virgen del Roc\u00edo.<\/p><p>Ellos representan la continuidad de nuestra tradici\u00f3n, la fuerza que impulsa nuestro caminar y la esperanza que ilumina nuestro futuro. Con alegr\u00eda desbordante y un esp\u00edritu lleno de fervor, nuestros j\u00f3venes participan activamente en cada paso del camino, en cada encuentro y en cada momento de oraci\u00f3n y celebraci\u00f3n.<\/p><p>Su presencia llena de vida y energ\u00eda nos recuerda que la fe no tiene edad, y que el amor por la Virgen del Roc\u00edo se transmite de generaci\u00f3n en generaci\u00f3n, renov\u00e1ndose en cada uno de ellos.<strong> Son el presente que nos impulsa a seguir adelante y el futuro que so\u00f1amos con seguir cuidando y transmitiendo.<\/strong><\/p><p>A nuestra juventud, les damos las gracias por su entrega, por su entusiasmo y por ser la esperanza viva de nuestra Hermandad. Juntos, con fe y alegr\u00eda, seguimos caminando hacia Ella, con la certeza de que nuestro amor por la Virgen siempre ser\u00e1 m\u00e1s fuerte que cualquier camino.<\/p><p>\u00a1Viva la juventud y viva la Virgen del Roc\u00edo!<\/p>\t\t\t\t\t\t\t\t<\/div>\n\t\t\t\t<\/div>\n\t\t\t\t\t<\/div>\n\t\t\t\t<\/div>\n\t\t<div class=\"elementor-element elementor-element-c4cf7a7 e-con-full e-flex e-con e-parent\" data-id=\"c4cf7a7\" data-element_type=\"container\" data-e-type=\"container\">\n\t\t\t\t<div class=\"elementor-element elementor-element-86d10ca elementor-widget-divider--view-line_text elementor-widget-divider--element-align-center elementor-widget elementor-widget-divider\" data-id=\"86d10ca\" data-element_type=\"widget\" data-e-type=\"widget\" data-widget_type=\"divider.default\">\n\t\t\t\t<div class=\"elementor-widget-container\">\n\t\t\t\t\t\t\t<div class=\"elementor-divider\">\n\t\t\t<span class=\"elementor-divider-separator\">\n\t\t\t\t\t\t\t<span class=\"elementor-divider__text elementor-divider__element\">\n\t\t\t\t\u00bfQuieres estar al d\u00eda de todas nuestras noticias?\t\t\t\t<\/span>\n\t\t\t\t\t\t<\/span>\n\t\t<\/div>\n\t\t\t\t\t\t<\/div>\n\t\t\t\t<\/div>\n\t\t\t\t<\/div>\n\t\t<div class=\"elementor-element elementor-element-05a872f e-flex e-con-boxed e-con e-parent\" data-id=\"05a872f\" data-element_type=\"container\" data-e-type=\"container\">\n\t\t\t\t\t<div class=\"e-con-inner\">\n\t\t\t\t<div class=\"elementor-element elementor-element-e8470ca elementor-widget elementor-widget-text-editor\" data-id=\"e8470ca\" data-element_type=\"widget\" data-e-type=\"widget\" data-widget_type=\"text-editor.default\">\n\t\t\t\t<div class=\"elementor-widget-container\">\n\t\t\t\t\t\t\t\t\t<p>S\u00edguenos en nuestra cuenta de Instagram: @gjrociopuertoreal<\/p>\t\t\t\t\t\t\t\t<\/div>\n\t\t\t\t<\/div>\n\t\t\t\t\t<\/div>\n\t\t\t\t<\/div>\n\t\t<div class=\"elementor-element elementor-element-2b11ed3 e-grid e-con-boxed e-con e-parent\" data-id=\"2b11ed3\" data-element_type=\"container\" data-e-type=\"container\">\n\t\t\t\t\t<div class=\"e-con-inner\">\n\t\t\t\t<div class=\"elementor-element elementor-element-7008f73 elementor-widget elementor-widget-image\" data-id=\"7008f73\" data-element_type=\"widget\" data-e-type=\"widget\" data-widget_type=\"image.default\">\n\t\t\t\t<div class=\"elementor-widget-container\">\n\t\t\t\t\t\t\t\t\t\t\t\t\t\t\t<img fetchpriority=\"high\" decoding=\"async\" width=\"1118\" height=\"2048\" src=\"https:\/\/hermandadrociopuertoreal.es\/wp-content\/uploads\/2025\/07\/WhatsApp-Image-2025-07-08-at-15.56.47.jpeg\" class=\"attachment-2048x2048 size-2048x2048 wp-image-763\" alt=\"\" srcset=\"https:\/\/hermandadrociopuertoreal.es\/wp-content\/uploads\/2025\/07\/WhatsApp-Image-2025-07-08-at-15.56.47.jpeg 1118w, https:\/\/hermandadrociopuertoreal.es\/wp-content\/uploads\/2025\/07\/WhatsApp-Image-2025-07-08-at-15.56.47-164x300.jpeg 164w, https:\/\/hermandadrociopuertoreal.es\/wp-content\/uploads\/2025\/07\/WhatsApp-Image-2025-07-08-at-15.56.47-559x1024.jpeg 559w, https:\/\/hermandadrociopuertoreal.es\/wp-content\/uploads\/2025\/07\/WhatsApp-Image-2025-07-08-at-15.56.47-768x1407.jpeg 768w, https:\/\/hermandadrociopuertoreal.es\/wp-content\/uploads\/2025\/07\/WhatsApp-Image-2025-07-08-at-15.56.47-839x1536.jpeg 839w\" sizes=\"(max-width: 1118px) 100vw, 1118px\" \/>\t\t\t\t\t\t\t\t\t\t\t\t\t\t\t<\/div>\n\t\t\t\t<\/div>\n\t\t\t\t<div class=\"elementor-element elementor-element-716e323 elementor-widget elementor-widget-image\" data-id=\"716e323\" data-element_type=\"widget\" data-e-type=\"widget\" data-widget_type=\"image.default\">\n\t\t\t\t<div class=\"elementor-widget-container\">\n\t\t\t\t\t\t\t\t\t\t\t\t\t\t\t<img decoding=\"async\" width=\"1118\" height=\"2048\" src=\"https:\/\/hermandadrociopuertoreal.es\/wp-content\/uploads\/2025\/07\/WhatsApp-Image-2025-07-08-at-15.56.47-1.jpeg\" class=\"attachment-2048x2048 size-2048x2048 wp-image-764\" alt=\"\" srcset=\"https:\/\/hermandadrociopuertoreal.es\/wp-content\/uploads\/2025\/07\/WhatsApp-Image-2025-07-08-at-15.56.47-1.jpeg 1118w, https:\/\/hermandadrociopuertoreal.es\/wp-content\/uploads\/2025\/07\/WhatsApp-Image-2025-07-08-at-15.56.47-1-164x300.jpeg 164w, https:\/\/hermandadrociopuertoreal.es\/wp-content\/uploads\/2025\/07\/WhatsApp-Image-2025-07-08-at-15.56.47-1-559x1024.jpeg 559w, https:\/\/hermandadrociopuertoreal.es\/wp-content\/uploads\/2025\/07\/WhatsApp-Image-2025-07-08-at-15.56.47-1-768x1407.jpeg 768w, https:\/\/hermandadrociopuertoreal.es\/wp-content\/uploads\/2025\/07\/WhatsApp-Image-2025-07-08-at-15.56.47-1-839x1536.jpeg 839w\" sizes=\"(max-width: 1118px) 100vw, 1118px\" \/>\t\t\t\t\t\t\t\t\t\t\t\t\t\t\t<\/div>\n\t\t\t\t<\/div>\n\t\t\t\t\t<\/div>\n\t\t\t\t<\/div>\n\t\t<div class=\"elementor-element elementor-element-b880ccb e-con-full e-flex e-con e-parent\" data-id=\"b880ccb\" data-element_type=\"container\" data-e-type=\"container\">\n\t\t\t\t<div class=\"elementor-element elementor-element-117a14a elementor-widget-divider--view-line_text elementor-widget-divider--element-align-center elementor-widget elementor-widget-divider\" data-id=\"117a14a\" data-element_type=\"widget\" data-e-type=\"widget\" data-widget_type=\"divider.default\">\n\t\t\t\t<div class=\"elementor-widget-container\">\n\t\t\t\t\t\t\t<div class=\"elementor-divider\">\n\t\t\t<span class=\"elementor-divider-separator\">\n\t\t\t\t\t\t\t<span class=\"elementor-divider__text elementor-divider__element\">\n\t\t\t\t\u00bfQuieres formar parte de nuestro Grupo Joven?\t\t\t\t<\/span>\n\t\t\t\t\t\t<\/span>\n\t\t<\/div>\n\t\t\t\t\t\t<\/div>\n\t\t\t\t<\/div>\n\t\t\t\t<\/div>\n\t\t<div class=\"elementor-element elementor-element-a454ef3 e-flex e-con-boxed e-con e-parent\" data-id=\"a454ef3\" data-element_type=\"container\" data-e-type=\"container\">\n\t\t\t\t\t<div class=\"e-con-inner\">\n\t\t\t\t<div class=\"elementor-element elementor-element-52f3a8d elementor-widget elementor-widget-text-editor\" data-id=\"52f3a8d\" data-element_type=\"widget\" data-e-type=\"widget\" data-widget_type=\"text-editor.default\">\n\t\t\t\t<div class=\"elementor-widget-container\">\n\t\t\t\t\t\t\t\t\t<p>\u00bfEres joven y quieres vivir la fe y la devoci\u00f3n en comunidad? \u00a1Te invitamos a unirte a nuestro grupo joven!<\/p><p>Formar parte de nuestro grupo es mucho m\u00e1s que participar en actividades; Es compartir momentos de alegr\u00eda, crecer en la fe, hacer amigos y sentirte parte de una gran familia que camina junta hacia Ella, la Virgen del Roc\u00edo. Aqu\u00ed encontrar\u00e1s un espacio donde podr\u00e1s expresar tus sentimientos, trabajar, aprender, colaborar y vivir intensamente la pasi\u00f3n por nuestra devoci\u00f3n.<\/p><p>No importa si est\u00e1s dando tus primeros pasos en la Hermandad o si ya llevas tiempo con nosotros, tu entusiasmo y ganas de vivir esta experiencia es lo que m\u00e1s valoramos. Juntos, seguiremos fortaleciendo nuestra fe, compartiendo momentos inolvidables y llevando en el coraz\u00f3n el amor por la Virgen.<\/p><p>\u00bfTe animas a acompa\u00f1arnos en este hermoso camino? \u00a1Te esperamos con los brazos abiertos!<\/p><p>No dudes en ponerte en contacto con nuestra Vocal de Juventud, \u00c1ngela Montes; escribir un mensaje a nuestro Instagram; o escribirnos al WhatsApp de la Hermandad.<\/p>\t\t\t\t\t\t\t\t<\/div>\n\t\t\t\t<\/div>\n\t\t\t\t\t<\/div>\n\t\t\t\t<\/div>\n\t\t\t\t<\/div>\n\t\t","protected":false},"excerpt":{"rendered":"<p>Juventud, el coraz\u00f3n vivo de nuestra Hermandad La juventud de nuestra Hermandad es el latido m\u00e1s vibrante y esperanzador de [&hellip;]<\/p>\n","protected":false},"author":1,"featured_media":0,"parent":0,"menu_order":0,"comment_status":"closed","ping_status":"closed","template":"","meta":{"site-sidebar-layout":"no-sidebar","site-content-layout":"","ast-site-content-layout":"full-width-container","site-content-style":"default","site-sidebar-style":"default","ast-global-header-display":"","ast-banner-title-visibility":"","ast-main-header-display":"","ast-hfb-above-header-display":"","ast-hfb-below-header-display":"","ast-hfb-mobile-header-display":"","site-post-title":"disabled","ast-breadcrumbs-content":"","ast-featured-img":"disabled","footer-sml-layout":"","ast-disable-related-posts":"","theme-transparent-header-meta":"","adv-header-id-meta":"","stick-header-meta":"","header-above-stick-meta":"","header-main-stick-meta":"","header-below-stick-meta":"","astra-migrate-meta-layouts":"default","ast-page-background-enabled":"default","ast-page-background-meta":{"desktop":{"background-color":"var(--ast-global-color-5)","background-image":"","background-repeat":"repeat","background-position":"center center","background-size":"auto","background-attachment":"scroll","background-type":"","background-media":"","overlay-type":"","overlay-color":"","overlay-opacity":"","overlay-gradient":""},"tablet":{"background-color":"","background-image":"","background-repeat":"repeat","background-position":"center center","background-size":"auto","background-attachment":"scroll","background-type":"","background-media":"","overlay-type":"","overlay-color":"","overlay-opacity":"","overlay-gradient":""},"mobile":{"background-color":"","background-image":"","background-repeat":"repeat","background-position":"center center","background-size":"auto","background-attachment":"scroll","background-type":"","background-media":"","overlay-type":"","overlay-color":"","overlay-opacity":"","overlay-gradient":""}},"ast-content-background-meta":{"desktop":{"background-color":"var(--ast-global-color-4)","background-image":"","background-repeat":"repeat","background-position":"center center","background-size":"auto","background-attachment":"scroll","background-type":"","background-media":"","overlay-type":"","overlay-color":"","overlay-opacity":"","overlay-gradient":""},"tablet":{"background-color":"var(--ast-global-color-4)","background-image":"","background-repeat":"repeat","background-position":"center center","background-size":"auto","background-attachment":"scroll","background-type":"","background-media":"","overlay-type":"","overlay-color":"","overlay-opacity":"","overlay-gradient":""},"mobile":{"background-color":"var(--ast-global-color-4)","background-image":"","background-repeat":"repeat","background-position":"center center","background-size":"auto","background-attachment":"scroll","background-type":"","background-media":"","overlay-type":"","overlay-color":"","overlay-opacity":"","overlay-gradient":""}},"footnotes":""},"class_list":["post-412","page","type-page","status-publish","hentry"],"_links":{"self":[{"href":"https:\/\/hermandadrociopuertoreal.es\/index.php?rest_route=\/wp\/v2\/pages\/412","targetHints":{"allow":["GET"]}}],"collection":[{"href":"https:\/\/hermandadrociopuertoreal.es\/index.php?rest_route=\/wp\/v2\/pages"}],"about":[{"href":"https:\/\/hermandadrociopuertoreal.es\/index.php?rest_route=\/wp\/v2\/types\/page"}],"author":[{"embeddable":true,"href":"https:\/\/hermandadrociopuertoreal.es\/index.php?rest_route=\/wp\/v2\/users\/1"}],"replies":[{"embeddable":true,"href":"https:\/\/hermandadrociopuertoreal.es\/index.php?rest_route=%2Fwp%2Fv2%2Fcomments&post=412"}],"version-history":[{"count":16,"href":"https:\/\/hermandadrociopuertoreal.es\/index.php?rest_route=\/wp\/v2\/pages\/412\/revisions"}],"predecessor-version":[{"id":1123,"href":"https:\/\/hermandadrociopuertoreal.es\/index.php?rest_route=\/wp\/v2\/pages\/412\/revisions\/1123"}],"wp:attachment":[{"href":"https:\/\/hermandadrociopuertoreal.es\/index.php?rest_route=%2Fwp%2Fv2%2Fmedia&parent=412"}],"curies":[{"name":"wp","href":"https:\/\/api.w.org\/{rel}","templated":true}]}}