{"id":410,"date":"2025-05-21T08:49:24","date_gmt":"2025-05-21T08:49:24","guid":{"rendered":"https:\/\/hermandadrociopuertoreal.es\/?page_id=410"},"modified":"2025-07-08T22:30:27","modified_gmt":"2025-07-08T22:30:27","slug":"caridad","status":"publish","type":"page","link":"https:\/\/hermandadrociopuertoreal.es\/?page_id=410","title":{"rendered":"CARIDAD"},"content":{"rendered":"\t\t<div data-elementor-type=\"wp-page\" data-elementor-id=\"410\" class=\"elementor elementor-410\" data-elementor-post-type=\"page\">\n\t\t\t\t<div class=\"elementor-element elementor-element-71f4019 e-con-full e-flex e-con e-parent\" data-id=\"71f4019\" data-element_type=\"container\" data-e-type=\"container\">\n\t\t\t\t<div class=\"elementor-element elementor-element-895697c elementor-widget-divider--view-line_text elementor-widget-divider--element-align-center elementor-widget elementor-widget-divider\" data-id=\"895697c\" data-element_type=\"widget\" data-e-type=\"widget\" data-widget_type=\"divider.default\">\n\t\t\t\t<div class=\"elementor-widget-container\">\n\t\t\t\t\t\t\t<div class=\"elementor-divider\">\n\t\t\t<span class=\"elementor-divider-separator\">\n\t\t\t\t\t\t\t<span class=\"elementor-divider__text elementor-divider__element\">\n\t\t\t\tCaridad\t\t\t\t<\/span>\n\t\t\t\t\t\t<\/span>\n\t\t<\/div>\n\t\t\t\t\t\t<\/div>\n\t\t\t\t<\/div>\n\t\t\t\t<\/div>\n\t\t<div class=\"elementor-element elementor-element-2950ddc e-flex e-con-boxed e-con e-parent\" data-id=\"2950ddc\" data-element_type=\"container\" data-e-type=\"container\">\n\t\t\t\t\t<div class=\"e-con-inner\">\n\t\t\t\t<div class=\"elementor-element elementor-element-bc97ae6 elementor-widget elementor-widget-text-editor\" data-id=\"bc97ae6\" data-element_type=\"widget\" data-e-type=\"widget\" data-widget_type=\"text-editor.default\">\n\t\t\t\t<div class=\"elementor-widget-container\">\n\t\t\t\t\t\t\t\t\t<p>En una Hermandad, la caridad es uno de los pilares fundamentales, y refleja el esp\u00edritu de amor y solidaridad que nos inspira en nuestro camino de fe y devoci\u00f3n. Creemos que la verdadera esencia de nuestra Hermandad se manifiesta en la ayuda desinteresada a quienes m\u00e1s lo necesitan, poniendo en pr\u00e1ctica los valores cristianos en nuestra comunidad y m\u00e1s all\u00e1 de ella.<\/p><p>A lo largo del a\u00f1o, llevamos a cabo diversas acciones solidarias dirigidas a apoyar a los colectivos m\u00e1s vulnerables, colaborar con instituciones ben\u00e9ficas y promover la justicia social. Nuestro compromiso es estar cerca de quienes requieren de nuestra ayuda, ofreciendo recursos, tiempo y cari\u00f1o para aliviar sus necesidades y contribuir a construir una sociedad m\u00e1s justa y fraterna.<\/p><p>Invitamos a todos los hermanos y devotos a sumarse a nuestras iniciativas de caridad, porque juntos podemos hacer una diferencia significativa en la vida de muchas personas. <strong>La caridad no solo es una obligaci\u00f3n, sino una expresi\u00f3n concreta de nuestra fe y amor cristiano.<\/strong><\/p>\t\t\t\t\t\t\t\t<\/div>\n\t\t\t\t<\/div>\n\t\t\t\t\t<\/div>\n\t\t\t\t<\/div>\n\t\t<div class=\"elementor-element elementor-element-4ce0181 e-grid e-con-boxed e-con e-parent\" data-id=\"4ce0181\" data-element_type=\"container\" data-e-type=\"container\">\n\t\t\t\t\t<div class=\"e-con-inner\">\n\t\t\t\t<div class=\"elementor-element elementor-element-464adcd elementor-widget elementor-widget-image\" data-id=\"464adcd\" data-element_type=\"widget\" data-e-type=\"widget\" data-widget_type=\"image.default\">\n\t\t\t\t<div class=\"elementor-widget-container\">\n\t\t\t\t\t\t\t\t\t\t\t\t\t\t\t<img fetchpriority=\"high\" decoding=\"async\" width=\"1024\" height=\"572\" src=\"https:\/\/hermandadrociopuertoreal.es\/wp-content\/uploads\/2025\/07\/465297705_18288721990239319_8469736383118115185_n-1024x572.jpg\" class=\"attachment-large size-large wp-image-806\" alt=\"\" srcset=\"https:\/\/hermandadrociopuertoreal.es\/wp-content\/uploads\/2025\/07\/465297705_18288721990239319_8469736383118115185_n-1024x572.jpg 1024w, https:\/\/hermandadrociopuertoreal.es\/wp-content\/uploads\/2025\/07\/465297705_18288721990239319_8469736383118115185_n-300x168.jpg 300w, https:\/\/hermandadrociopuertoreal.es\/wp-content\/uploads\/2025\/07\/465297705_18288721990239319_8469736383118115185_n-768x429.jpg 768w, https:\/\/hermandadrociopuertoreal.es\/wp-content\/uploads\/2025\/07\/465297705_18288721990239319_8469736383118115185_n.jpg 1440w\" sizes=\"(max-width: 1024px) 100vw, 1024px\" \/>\t\t\t\t\t\t\t\t\t\t\t\t\t\t\t<\/div>\n\t\t\t\t<\/div>\n\t\t\t\t<div class=\"elementor-element elementor-element-993e627 elementor-widget elementor-widget-image\" data-id=\"993e627\" data-element_type=\"widget\" data-e-type=\"widget\" data-widget_type=\"image.default\">\n\t\t\t\t<div class=\"elementor-widget-container\">\n\t\t\t\t\t\t\t\t\t\t\t\t\t\t\t<img decoding=\"async\" width=\"1024\" height=\"572\" src=\"https:\/\/hermandadrociopuertoreal.es\/wp-content\/uploads\/2025\/07\/465295632_18288722047239319_442765060247988569_n-1024x572.jpg\" class=\"attachment-large size-large wp-image-805\" alt=\"\" srcset=\"https:\/\/hermandadrociopuertoreal.es\/wp-content\/uploads\/2025\/07\/465295632_18288722047239319_442765060247988569_n-1024x572.jpg 1024w, https:\/\/hermandadrociopuertoreal.es\/wp-content\/uploads\/2025\/07\/465295632_18288722047239319_442765060247988569_n-300x168.jpg 300w, https:\/\/hermandadrociopuertoreal.es\/wp-content\/uploads\/2025\/07\/465295632_18288722047239319_442765060247988569_n-768x429.jpg 768w, https:\/\/hermandadrociopuertoreal.es\/wp-content\/uploads\/2025\/07\/465295632_18288722047239319_442765060247988569_n.jpg 1440w\" sizes=\"(max-width: 1024px) 100vw, 1024px\" \/>\t\t\t\t\t\t\t\t\t\t\t\t\t\t\t<\/div>\n\t\t\t\t<\/div>\n\t\t\t\t\t<\/div>\n\t\t\t\t<\/div>\n\t\t<div class=\"elementor-element elementor-element-41aeb34 e-grid e-con-boxed e-con e-parent\" data-id=\"41aeb34\" data-element_type=\"container\" data-e-type=\"container\">\n\t\t\t\t\t<div class=\"e-con-inner\">\n\t\t\t\t<div class=\"elementor-element elementor-element-55bc9c7 elementor-widget elementor-widget-image\" data-id=\"55bc9c7\" data-element_type=\"widget\" data-e-type=\"widget\" data-widget_type=\"image.default\">\n\t\t\t\t<div class=\"elementor-widget-container\">\n\t\t\t\t\t\t\t\t\t\t\t\t\t\t\t<img decoding=\"async\" width=\"1024\" height=\"1024\" src=\"https:\/\/hermandadrociopuertoreal.es\/wp-content\/uploads\/2025\/07\/466344569_18290094526239319_445773341859451174_n-1024x1024.jpg\" class=\"attachment-large size-large wp-image-807\" alt=\"\" srcset=\"https:\/\/hermandadrociopuertoreal.es\/wp-content\/uploads\/2025\/07\/466344569_18290094526239319_445773341859451174_n-1024x1024.jpg 1024w, https:\/\/hermandadrociopuertoreal.es\/wp-content\/uploads\/2025\/07\/466344569_18290094526239319_445773341859451174_n-300x300.jpg 300w, https:\/\/hermandadrociopuertoreal.es\/wp-content\/uploads\/2025\/07\/466344569_18290094526239319_445773341859451174_n-150x150.jpg 150w, https:\/\/hermandadrociopuertoreal.es\/wp-content\/uploads\/2025\/07\/466344569_18290094526239319_445773341859451174_n-768x768.jpg 768w, https:\/\/hermandadrociopuertoreal.es\/wp-content\/uploads\/2025\/07\/466344569_18290094526239319_445773341859451174_n-500x500.jpg 500w, https:\/\/hermandadrociopuertoreal.es\/wp-content\/uploads\/2025\/07\/466344569_18290094526239319_445773341859451174_n.jpg 1080w\" sizes=\"(max-width: 1024px) 100vw, 1024px\" \/>\t\t\t\t\t\t\t\t\t\t\t\t\t\t\t<\/div>\n\t\t\t\t<\/div>\n\t\t\t\t<div class=\"elementor-element elementor-element-860bc1d elementor-widget elementor-widget-image\" data-id=\"860bc1d\" data-element_type=\"widget\" data-e-type=\"widget\" data-widget_type=\"image.default\">\n\t\t\t\t<div class=\"elementor-widget-container\">\n\t\t\t\t\t\t\t\t\t\t\t\t\t\t\t<img loading=\"lazy\" decoding=\"async\" width=\"1024\" height=\"1024\" src=\"https:\/\/hermandadrociopuertoreal.es\/wp-content\/uploads\/2025\/07\/469003062_18292704553239319_4638565920226066264_n-1024x1024.jpg\" class=\"attachment-large size-large wp-image-809\" alt=\"\" srcset=\"https:\/\/hermandadrociopuertoreal.es\/wp-content\/uploads\/2025\/07\/469003062_18292704553239319_4638565920226066264_n-1024x1024.jpg 1024w, https:\/\/hermandadrociopuertoreal.es\/wp-content\/uploads\/2025\/07\/469003062_18292704553239319_4638565920226066264_n-300x300.jpg 300w, https:\/\/hermandadrociopuertoreal.es\/wp-content\/uploads\/2025\/07\/469003062_18292704553239319_4638565920226066264_n-150x150.jpg 150w, https:\/\/hermandadrociopuertoreal.es\/wp-content\/uploads\/2025\/07\/469003062_18292704553239319_4638565920226066264_n-768x768.jpg 768w, https:\/\/hermandadrociopuertoreal.es\/wp-content\/uploads\/2025\/07\/469003062_18292704553239319_4638565920226066264_n-500x500.jpg 500w, https:\/\/hermandadrociopuertoreal.es\/wp-content\/uploads\/2025\/07\/469003062_18292704553239319_4638565920226066264_n.jpg 1440w\" sizes=\"(max-width: 1024px) 100vw, 1024px\" \/>\t\t\t\t\t\t\t\t\t\t\t\t\t\t\t<\/div>\n\t\t\t\t<\/div>\n\t\t\t\t\t<\/div>\n\t\t\t\t<\/div>\n\t\t\t\t<\/div>\n\t\t","protected":false},"excerpt":{"rendered":"<p>Caridad En una Hermandad, la caridad es uno de los pilares fundamentales, y refleja el esp\u00edritu de amor y solidaridad [&hellip;]<\/p>\n","protected":false},"author":1,"featured_media":0,"parent":0,"menu_order":0,"comment_status":"closed","ping_status":"closed","template":"","meta":{"site-sidebar-layout":"no-sidebar","site-content-layout":"","ast-site-content-layout":"full-width-container","site-content-style":"default","site-sidebar-style":"default","ast-global-header-display":"","ast-banner-title-visibility":"","ast-main-header-display":"","ast-hfb-above-header-display":"","ast-hfb-below-header-display":"","ast-hfb-mobile-header-display":"","site-post-title":"disabled","ast-breadcrumbs-content":"","ast-featured-img":"disabled","footer-sml-layout":"","ast-disable-related-posts":"","theme-transparent-header-meta":"","adv-header-id-meta":"","stick-header-meta":"","header-above-stick-meta":"","header-main-stick-meta":"","header-below-stick-meta":"","astra-migrate-meta-layouts":"default","ast-page-background-enabled":"default","ast-page-background-meta":{"desktop":{"background-color":"var(--ast-global-color-5)","background-image":"","background-repeat":"repeat","background-position":"center center","background-size":"auto","background-attachment":"scroll","background-type":"","background-media":"","overlay-type":"","overlay-color":"","overlay-opacity":"","overlay-gradient":""},"tablet":{"background-color":"","background-image":"","background-repeat":"repeat","background-position":"center center","background-size":"auto","background-attachment":"scroll","background-type":"","background-media":"","overlay-type":"","overlay-color":"","overlay-opacity":"","overlay-gradient":""},"mobile":{"background-color":"","background-image":"","background-repeat":"repeat","background-position":"center center","background-size":"auto","background-attachment":"scroll","background-type":"","background-media":"","overlay-type":"","overlay-color":"","overlay-opacity":"","overlay-gradient":""}},"ast-content-background-meta":{"desktop":{"background-color":"var(--ast-global-color-4)","background-image":"","background-repeat":"repeat","background-position":"center center","background-size":"auto","background-attachment":"scroll","background-type":"","background-media":"","overlay-type":"","overlay-color":"","overlay-opacity":"","overlay-gradient":""},"tablet":{"background-color":"var(--ast-global-color-4)","background-image":"","background-repeat":"repeat","background-position":"center center","background-size":"auto","background-attachment":"scroll","background-type":"","background-media":"","overlay-type":"","overlay-color":"","overlay-opacity":"","overlay-gradient":""},"mobile":{"background-color":"var(--ast-global-color-4)","background-image":"","background-repeat":"repeat","background-position":"center center","background-size":"auto","background-attachment":"scroll","background-type":"","background-media":"","overlay-type":"","overlay-color":"","overlay-opacity":"","overlay-gradient":""}},"footnotes":""},"class_list":["post-410","page","type-page","status-publish","hentry"],"_links":{"self":[{"href":"https:\/\/hermandadrociopuertoreal.es\/index.php?rest_route=\/wp\/v2\/pages\/410","targetHints":{"allow":["GET"]}}],"collection":[{"href":"https:\/\/hermandadrociopuertoreal.es\/index.php?rest_route=\/wp\/v2\/pages"}],"about":[{"href":"https:\/\/hermandadrociopuertoreal.es\/index.php?rest_route=\/wp\/v2\/types\/page"}],"author":[{"embeddable":true,"href":"https:\/\/hermandadrociopuertoreal.es\/index.php?rest_route=\/wp\/v2\/users\/1"}],"replies":[{"embeddable":true,"href":"https:\/\/hermandadrociopuertoreal.es\/index.php?rest_route=%2Fwp%2Fv2%2Fcomments&post=410"}],"version-history":[{"count":10,"href":"https:\/\/hermandadrociopuertoreal.es\/index.php?rest_route=\/wp\/v2\/pages\/410\/revisions"}],"predecessor-version":[{"id":1120,"href":"https:\/\/hermandadrociopuertoreal.es\/index.php?rest_route=\/wp\/v2\/pages\/410\/revisions\/1120"}],"wp:attachment":[{"href":"https:\/\/hermandadrociopuertoreal.es\/index.php?rest_route=%2Fwp%2Fv2%2Fmedia&parent=410"}],"curies":[{"name":"wp","href":"https:\/\/api.w.org\/{rel}","templated":true}]}}