{"id":116,"date":"2025-05-02T10:32:21","date_gmt":"2025-05-02T10:32:21","guid":{"rendered":"https:\/\/hermandadrociopuertoreal.es\/?page_id=116"},"modified":"2025-07-11T11:52:08","modified_gmt":"2025-07-11T11:52:08","slug":"simpecado-antiguo","status":"publish","type":"page","link":"https:\/\/hermandadrociopuertoreal.es\/?page_id=116","title":{"rendered":"SIMPECADO ANTIGUO"},"content":{"rendered":"\t\t<div data-elementor-type=\"wp-page\" data-elementor-id=\"116\" class=\"elementor elementor-116\" data-elementor-post-type=\"page\">\n\t\t\t\t<div class=\"elementor-element elementor-element-f085657 e-con-full e-flex e-con e-parent\" data-id=\"f085657\" data-element_type=\"container\" data-e-type=\"container\">\n\t\t\t\t<div class=\"elementor-element elementor-element-bfa6eb6 elementor-widget-divider--view-line_text elementor-widget-divider--element-align-center elementor-widget elementor-widget-divider\" data-id=\"bfa6eb6\" data-element_type=\"widget\" data-e-type=\"widget\" data-widget_type=\"divider.default\">\n\t\t\t\t<div class=\"elementor-widget-container\">\n\t\t\t\t\t\t\t<div class=\"elementor-divider\">\n\t\t\t<span class=\"elementor-divider-separator\">\n\t\t\t\t\t\t\t<span class=\"elementor-divider__text elementor-divider__element\">\n\t\t\t\tSimpecado Antiguo\t\t\t\t<\/span>\n\t\t\t\t\t\t<\/span>\n\t\t<\/div>\n\t\t\t\t\t\t<\/div>\n\t\t\t\t<\/div>\n\t\t\t\t<\/div>\n\t\t<div class=\"elementor-element elementor-element-b502028 e-flex e-con-boxed e-con e-parent\" data-id=\"b502028\" data-element_type=\"container\" data-e-type=\"container\">\n\t\t\t\t\t<div class=\"e-con-inner\">\n\t\t\t\t<div class=\"elementor-element elementor-element-46da4b9 elementor-widget elementor-widget-text-editor\" data-id=\"46da4b9\" data-element_type=\"widget\" data-e-type=\"widget\" data-widget_type=\"text-editor.default\">\n\t\t\t\t<div class=\"elementor-widget-container\">\n\t\t\t\t\t\t\t\t\t<p>Fue confeccionado por las Madres Filipenses de la localidad, bord\u00e1ndolo en oro sobre terciopelo azul, color elegido, junto al blanco, en atenci\u00f3n a la patrona local, la Virgen de Lourdes. La imagen de la Virgen que lo preside lleva enaguas blancas y un collar de perlas finas, idea de la Madre Amada, art\u00edfice de la obra.<\/p><p><br \/>Fue bendecido el 13 de mayo de 1964 en el domicilio Calle General\u00edsimo Franco n\u00ba59, por el p\u00e1rroco de San Benito Abad el Rvdo. Padre D. Juan Isabel del Pozo. Dicho acto se realiz\u00f3 con car\u00e1cter privado, solo con un testigo y los asistentes de la Junta de Gobierno.<\/p><p><br \/>El Simpecado tiene dos campanitas repujadas en plata donadas por el Sr. Jim\u00e9nez en octubre de 1966.<\/p>\t\t\t\t\t\t\t\t<\/div>\n\t\t\t\t<\/div>\n\t\t\t\t\t<\/div>\n\t\t\t\t<\/div>\n\t\t<div class=\"elementor-element elementor-element-254fd3d e-flex e-con-boxed e-con e-parent\" data-id=\"254fd3d\" data-element_type=\"container\" data-e-type=\"container\">\n\t\t\t\t\t<div class=\"e-con-inner\">\n\t\t\t\t<div class=\"elementor-element elementor-element-87879ca elementor-widget elementor-widget-image\" data-id=\"87879ca\" data-element_type=\"widget\" data-e-type=\"widget\" data-widget_type=\"image.default\">\n\t\t\t\t<div class=\"elementor-widget-container\">\n\t\t\t\t\t\t\t\t\t\t\t\t\t\t\t<img fetchpriority=\"high\" decoding=\"async\" width=\"300\" height=\"400\" src=\"https:\/\/hermandadrociopuertoreal.es\/wp-content\/uploads\/2025\/07\/WhatsApp-Image-2025-07-09-at-21.16.48-300x400.jpeg\" class=\"attachment-tileview size-tileview wp-image-1345\" alt=\"\" srcset=\"https:\/\/hermandadrociopuertoreal.es\/wp-content\/uploads\/2025\/07\/WhatsApp-Image-2025-07-09-at-21.16.48-300x400.jpeg 300w, https:\/\/hermandadrociopuertoreal.es\/wp-content\/uploads\/2025\/07\/WhatsApp-Image-2025-07-09-at-21.16.48-225x300.jpeg 225w, https:\/\/hermandadrociopuertoreal.es\/wp-content\/uploads\/2025\/07\/WhatsApp-Image-2025-07-09-at-21.16.48-768x1024.jpeg 768w, https:\/\/hermandadrociopuertoreal.es\/wp-content\/uploads\/2025\/07\/WhatsApp-Image-2025-07-09-at-21.16.48-1152x1536.jpeg 1152w, https:\/\/hermandadrociopuertoreal.es\/wp-content\/uploads\/2025\/07\/WhatsApp-Image-2025-07-09-at-21.16.48.jpeg 1200w\" sizes=\"(max-width: 300px) 100vw, 300px\" \/>\t\t\t\t\t\t\t\t\t\t\t\t\t\t\t<\/div>\n\t\t\t\t<\/div>\n\t\t\t\t\t<\/div>\n\t\t\t\t<\/div>\n\t\t\t\t<\/div>\n\t\t","protected":false},"excerpt":{"rendered":"<p>Simpecado Antiguo Fue confeccionado por las Madres Filipenses de la localidad, bord\u00e1ndolo en oro sobre terciopelo azul, color elegido, junto [&hellip;]<\/p>\n","protected":false},"author":1,"featured_media":0,"parent":0,"menu_order":0,"comment_status":"closed","ping_status":"closed","template":"","meta":{"site-sidebar-layout":"no-sidebar","site-content-layout":"","ast-site-content-layout":"full-width-container","site-content-style":"default","site-sidebar-style":"default","ast-global-header-display":"","ast-banner-title-visibility":"","ast-main-header-display":"","ast-hfb-above-header-display":"","ast-hfb-below-header-display":"","ast-hfb-mobile-header-display":"","site-post-title":"disabled","ast-breadcrumbs-content":"","ast-featured-img":"disabled","footer-sml-layout":"","ast-disable-related-posts":"","theme-transparent-header-meta":"","adv-header-id-meta":"","stick-header-meta":"","header-above-stick-meta":"","header-main-stick-meta":"","header-below-stick-meta":"","astra-migrate-meta-layouts":"default","ast-page-background-enabled":"default","ast-page-background-meta":{"desktop":{"background-color":"var(--ast-global-color-5)","background-image":"","background-repeat":"repeat","background-position":"center center","background-size":"auto","background-attachment":"scroll","background-type":"","background-media":"","overlay-type":"","overlay-color":"","overlay-opacity":"","overlay-gradient":""},"tablet":{"background-color":"","background-image":"","background-repeat":"repeat","background-position":"center center","background-size":"auto","background-attachment":"scroll","background-type":"","background-media":"","overlay-type":"","overlay-color":"","overlay-opacity":"","overlay-gradient":""},"mobile":{"background-color":"","background-image":"","background-repeat":"repeat","background-position":"center center","background-size":"auto","background-attachment":"scroll","background-type":"","background-media":"","overlay-type":"","overlay-color":"","overlay-opacity":"","overlay-gradient":""}},"ast-content-background-meta":{"desktop":{"background-color":"var(--ast-global-color-4)","background-image":"","background-repeat":"repeat","background-position":"center center","background-size":"auto","background-attachment":"scroll","background-type":"","background-media":"","overlay-type":"","overlay-color":"","overlay-opacity":"","overlay-gradient":""},"tablet":{"background-color":"var(--ast-global-color-4)","background-image":"","background-repeat":"repeat","background-position":"center center","background-size":"auto","background-attachment":"scroll","background-type":"","background-media":"","overlay-type":"","overlay-color":"","overlay-opacity":"","overlay-gradient":""},"mobile":{"background-color":"var(--ast-global-color-4)","background-image":"","background-repeat":"repeat","background-position":"center center","background-size":"auto","background-attachment":"scroll","background-type":"","background-media":"","overlay-type":"","overlay-color":"","overlay-opacity":"","overlay-gradient":""}},"footnotes":""},"class_list":["post-116","page","type-page","status-publish","hentry"],"_links":{"self":[{"href":"https:\/\/hermandadrociopuertoreal.es\/index.php?rest_route=\/wp\/v2\/pages\/116","targetHints":{"allow":["GET"]}}],"collection":[{"href":"https:\/\/hermandadrociopuertoreal.es\/index.php?rest_route=\/wp\/v2\/pages"}],"about":[{"href":"https:\/\/hermandadrociopuertoreal.es\/index.php?rest_route=\/wp\/v2\/types\/page"}],"author":[{"embeddable":true,"href":"https:\/\/hermandadrociopuertoreal.es\/index.php?rest_route=\/wp\/v2\/users\/1"}],"replies":[{"embeddable":true,"href":"https:\/\/hermandadrociopuertoreal.es\/index.php?rest_route=%2Fwp%2Fv2%2Fcomments&post=116"}],"version-history":[{"count":19,"href":"https:\/\/hermandadrociopuertoreal.es\/index.php?rest_route=\/wp\/v2\/pages\/116\/revisions"}],"predecessor-version":[{"id":1577,"href":"https:\/\/hermandadrociopuertoreal.es\/index.php?rest_route=\/wp\/v2\/pages\/116\/revisions\/1577"}],"wp:attachment":[{"href":"https:\/\/hermandadrociopuertoreal.es\/index.php?rest_route=%2Fwp%2Fv2%2Fmedia&parent=116"}],"curies":[{"name":"wp","href":"https:\/\/api.w.org\/{rel}","templated":true}]}}