{"id":110,"date":"2025-05-02T10:31:41","date_gmt":"2025-05-02T10:31:41","guid":{"rendered":"https:\/\/hermandadrociopuertoreal.es\/?page_id=110"},"modified":"2025-07-09T19:14:10","modified_gmt":"2025-07-09T19:14:10","slug":"historia","status":"publish","type":"page","link":"https:\/\/hermandadrociopuertoreal.es\/?page_id=110","title":{"rendered":"HISTORIA"},"content":{"rendered":"\t\t<div data-elementor-type=\"wp-page\" data-elementor-id=\"110\" class=\"elementor elementor-110\" data-elementor-post-type=\"page\">\n\t\t\t\t<div class=\"elementor-element elementor-element-ca1ac95 e-con-full e-flex e-con e-parent\" data-id=\"ca1ac95\" data-element_type=\"container\" data-e-type=\"container\">\n\t\t\t\t<div class=\"elementor-element elementor-element-2d97f4d elementor-widget-divider--view-line_text elementor-widget-divider--element-align-center elementor-widget elementor-widget-divider\" data-id=\"2d97f4d\" data-element_type=\"widget\" data-e-type=\"widget\" data-widget_type=\"divider.default\">\n\t\t\t\t<div class=\"elementor-widget-container\">\n\t\t\t\t\t\t\t<div class=\"elementor-divider\">\n\t\t\t<span class=\"elementor-divider-separator\">\n\t\t\t\t\t\t\t<span class=\"elementor-divider__text elementor-divider__element\">\n\t\t\t\tHistoria\t\t\t\t<\/span>\n\t\t\t\t\t\t<\/span>\n\t\t<\/div>\n\t\t\t\t\t\t<\/div>\n\t\t\t\t<\/div>\n\t\t\t\t<\/div>\n\t\t<div class=\"elementor-element elementor-element-b612634 e-flex e-con-boxed e-con e-parent\" data-id=\"b612634\" data-element_type=\"container\" data-e-type=\"container\">\n\t\t\t\t\t<div class=\"e-con-inner\">\n\t\t\t\t<div class=\"elementor-element elementor-element-82f2a30 elementor-widget elementor-widget-text-editor\" data-id=\"82f2a30\" data-element_type=\"widget\" data-e-type=\"widget\" data-widget_type=\"text-editor.default\">\n\t\t\t\t<div class=\"elementor-widget-container\">\n\t\t\t\t\t\t\t\t\t<div>La Hermandad de Nuestra Se\u00f1ora del Roc\u00edo de Puerto Real es la filial n\u00ba 35 de la Pontificia, Real e Ilustre Hermandad Matriz de Nuestra Se\u00f1ora del Roc\u00edo de Almonte, desde el d\u00eda 25 de mayo de 1969, coincidente con el a\u00f1o de la celebraci\u00f3n del 50\u00ba Aniversario de la Coronaci\u00f3n de la Virgen del Roc\u00edo, aunque su administraci\u00f3n y su gobierno es totalmente independiente.<\/div><div>\u00a0<\/div><div>La aprobaci\u00f3n can\u00f3nica de la Hermandad, tuvo lugar el d\u00eda 4 de mayo de 1.977, de mano del Excmo. y Rvdmo. Sr. D. Antonio Dorado Soto, Obispo de la Di\u00f3cesis C\u00e1diz-Ceuta.<\/div><div>\u00a0<\/div><div>Los preparativos y trabajos de esta Hermandad que est\u00e1 establecida Can\u00f3nicamente en la Parroquia de San Benito Abad, en la Real Villa de Puerto Real (C\u00e1diz), empezaron el d\u00eda 29 de junio de 1959, festividad de los Santos Pedro y Pablo, no habiendo deca\u00eddo ni un solo momento, ni el aspecto espiritual, ni en las m\u00faltiples actividades materiales.<\/div>\t\t\t\t\t\t\t\t<\/div>\n\t\t\t\t<\/div>\n\t\t\t\t\t<\/div>\n\t\t\t\t<\/div>\n\t\t\t\t<\/div>\n\t\t","protected":false},"excerpt":{"rendered":"<p>Historia La Hermandad de Nuestra Se\u00f1ora del Roc\u00edo de Puerto Real es la filial n\u00ba 35 de la Pontificia, Real [&hellip;]<\/p>\n","protected":false},"author":1,"featured_media":0,"parent":0,"menu_order":0,"comment_status":"closed","ping_status":"closed","template":"","meta":{"site-sidebar-layout":"no-sidebar","site-content-layout":"","ast-site-content-layout":"full-width-container","site-content-style":"default","site-sidebar-style":"default","ast-global-header-display":"","ast-banner-title-visibility":"","ast-main-header-display":"","ast-hfb-above-header-display":"","ast-hfb-below-header-display":"","ast-hfb-mobile-header-display":"","site-post-title":"disabled","ast-breadcrumbs-content":"","ast-featured-img":"disabled","footer-sml-layout":"","ast-disable-related-posts":"","theme-transparent-header-meta":"","adv-header-id-meta":"","stick-header-meta":"","header-above-stick-meta":"","header-main-stick-meta":"","header-below-stick-meta":"","astra-migrate-meta-layouts":"default","ast-page-background-enabled":"default","ast-page-background-meta":{"desktop":{"background-color":"var(--ast-global-color-5)","background-image":"","background-repeat":"repeat","background-position":"center center","background-size":"auto","background-attachment":"scroll","background-type":"","background-media":"","overlay-type":"","overlay-color":"","overlay-opacity":"","overlay-gradient":""},"tablet":{"background-color":"","background-image":"","background-repeat":"repeat","background-position":"center center","background-size":"auto","background-attachment":"scroll","background-type":"","background-media":"","overlay-type":"","overlay-color":"","overlay-opacity":"","overlay-gradient":""},"mobile":{"background-color":"","background-image":"","background-repeat":"repeat","background-position":"center center","background-size":"auto","background-attachment":"scroll","background-type":"","background-media":"","overlay-type":"","overlay-color":"","overlay-opacity":"","overlay-gradient":""}},"ast-content-background-meta":{"desktop":{"background-color":"var(--ast-global-color-4)","background-image":"","background-repeat":"repeat","background-position":"center center","background-size":"auto","background-attachment":"scroll","background-type":"","background-media":"","overlay-type":"","overlay-color":"","overlay-opacity":"","overlay-gradient":""},"tablet":{"background-color":"var(--ast-global-color-4)","background-image":"","background-repeat":"repeat","background-position":"center center","background-size":"auto","background-attachment":"scroll","background-type":"","background-media":"","overlay-type":"","overlay-color":"","overlay-opacity":"","overlay-gradient":""},"mobile":{"background-color":"var(--ast-global-color-4)","background-image":"","background-repeat":"repeat","background-position":"center center","background-size":"auto","background-attachment":"scroll","background-type":"","background-media":"","overlay-type":"","overlay-color":"","overlay-opacity":"","overlay-gradient":""}},"footnotes":""},"class_list":["post-110","page","type-page","status-publish","hentry"],"_links":{"self":[{"href":"https:\/\/hermandadrociopuertoreal.es\/index.php?rest_route=\/wp\/v2\/pages\/110","targetHints":{"allow":["GET"]}}],"collection":[{"href":"https:\/\/hermandadrociopuertoreal.es\/index.php?rest_route=\/wp\/v2\/pages"}],"about":[{"href":"https:\/\/hermandadrociopuertoreal.es\/index.php?rest_route=\/wp\/v2\/types\/page"}],"author":[{"embeddable":true,"href":"https:\/\/hermandadrociopuertoreal.es\/index.php?rest_route=\/wp\/v2\/users\/1"}],"replies":[{"embeddable":true,"href":"https:\/\/hermandadrociopuertoreal.es\/index.php?rest_route=%2Fwp%2Fv2%2Fcomments&post=110"}],"version-history":[{"count":28,"href":"https:\/\/hermandadrociopuertoreal.es\/index.php?rest_route=\/wp\/v2\/pages\/110\/revisions"}],"predecessor-version":[{"id":1343,"href":"https:\/\/hermandadrociopuertoreal.es\/index.php?rest_route=\/wp\/v2\/pages\/110\/revisions\/1343"}],"wp:attachment":[{"href":"https:\/\/hermandadrociopuertoreal.es\/index.php?rest_route=%2Fwp%2Fv2%2Fmedia&parent=110"}],"curies":[{"name":"wp","href":"https:\/\/api.w.org\/{rel}","templated":true}]}}